{"id":100,"date":"2026-02-08T16:03:34","date_gmt":"2026-02-08T16:03:34","guid":{"rendered":"https:\/\/lacavalemerens.fr\/?page_id=100"},"modified":"2026-03-04T09:34:08","modified_gmt":"2026-03-04T09:34:08","slug":"balade-ado-adulte","status":"publish","type":"page","link":"http:\/\/lacavalemerens.fr\/index.php\/balade-ado-adulte\/","title":{"rendered":"Balade ado-adulte"},"content":{"rendered":"\n<div style=\"height:var(--wp--preset--spacing--50)\" aria-hidden=\"true\" class=\"wp-block-spacer\"><\/div>\n\n\n\n<div class=\"wp-block-group alignwide has-global-padding is-layout-constrained wp-block-group-is-layout-constrained\">\n<h1 class=\"wp-block-heading alignwide has-xx-large-font-size\" style=\"line-height:1.2\">R\u00e9servez une balade d&#8217;une heure <\/h1>\n<\/div>\n\n\n<style id=\"wpforms-css-vars-96\">\n\t\t\t\t#wpforms-96 {\n\t\t\t\t--wpforms-container-padding: 0px;\n--wpforms-container-border-width: 1px;\n--wpforms-container-border-radius: 3px;\n--wpforms-background-color: rgba(0, 0, 0, 0);\n--wpforms-field-size-input-height: 43px;\n--wpforms-field-size-input-spacing: 15px;\n--wpforms-field-size-font-size: 16px;\n--wpforms-field-size-line-height: 19px;\n--wpforms-field-size-padding-h: 14px;\n--wpforms-field-size-checkbox-size: 16px;\n--wpforms-field-size-sublabel-spacing: 5px;\n--wpforms-field-size-icon-size: 1;\n--wpforms-label-size-font-size: 16px;\n--wpforms-label-size-line-height: 19px;\n--wpforms-label-size-sublabel-font-size: 14px;\n--wpforms-label-size-sublabel-line-height: 17px;\n--wpforms-button-size-font-size: 17px;\n--wpforms-button-size-height: 41px;\n--wpforms-button-size-padding-h: 15px;\n--wpforms-button-size-margin-top: 10px;\n--wpforms-container-shadow-size-box-shadow: none;\n\t\t\t}\n\t\t\t<\/style><div class=\"wpforms-container wpforms-container-full wpforms-render-modern\" id=\"wpforms-96\"><form id=\"wpforms-form-96\" class=\"wpforms-validate wpforms-form wpforms-ajax-form\" data-formid=\"96\" method=\"post\" enctype=\"multipart\/form-data\" action=\"\/index.php\/wp-json\/wp\/v2\/pages\/100\" data-token=\"6c589a61dac7a174154706edc94fbf2b\" data-token-time=\"1775295914\"><noscript class=\"wpforms-error-noscript\">Please enable JavaScript in your browser to complete this form.<\/noscript><div id=\"wpforms-error-noscript\" style=\"display: none;\">Please enable JavaScript in your browser to complete this form.<\/div><div class=\"wpforms-field-container\"><div id=\"wpforms-96-field_1-container\" class=\"wpforms-field wpforms-field-name\" data-field-id=\"1\"><fieldset><legend class=\"wpforms-field-label\">Nom <span class=\"wpforms-required-label\" aria-hidden=\"true\">*<\/span><\/legend><div class=\"wpforms-field-row wpforms-field-medium\"><div class=\"wpforms-field-row-block wpforms-first wpforms-one-half\"><input type=\"text\" id=\"wpforms-96-field_1\" class=\"wpforms-field-name-first wpforms-field-required\" name=\"wpforms[fields][1][first]\" aria-errormessage=\"wpforms-96-field_1-error\" required><label for=\"wpforms-96-field_1\" class=\"wpforms-field-sublabel after\">First<\/label><\/div><div class=\"wpforms-field-row-block wpforms-one-half\"><input type=\"text\" id=\"wpforms-96-field_1-last\" class=\"wpforms-field-name-last wpforms-field-required\" name=\"wpforms[fields][1][last]\" aria-errormessage=\"wpforms-96-field_1-last-error\" required><label for=\"wpforms-96-field_1-last\" class=\"wpforms-field-sublabel after\">Last<\/label><\/div><\/div><\/fieldset><\/div><div id=\"wpforms-96-field_2-container\" class=\"wpforms-field wpforms-field-email\" data-field-id=\"2\"><label class=\"wpforms-field-label\" for=\"wpforms-96-field_2\">Email <span class=\"wpforms-required-label\" aria-hidden=\"true\">*<\/span><\/label><input type=\"email\" id=\"wpforms-96-field_2\" class=\"wpforms-field-medium wpforms-field-required\" name=\"wpforms[fields][2]\" spellcheck=\"false\" aria-errormessage=\"wpforms-96-field_2-error\" required><\/div><div id=\"wpforms-96-field_6-container\" class=\"wpforms-field wpforms-field-text\" data-field-id=\"6\"><label class=\"wpforms-field-label\" for=\"wpforms-96-field_6\">Date (uniquement pendant les vacances scolaires) 20\u20ac l&#039;heure<\/label><input type=\"text\" id=\"wpforms-96-field_6\" class=\"wpforms-field-medium\" name=\"wpforms[fields][6]\" aria-errormessage=\"wpforms-96-field_6-error\" ><\/div><div id=\"wpforms-96-field_5-container\" class=\"wpforms-field wpforms-field-number\" data-field-id=\"5\"><label class=\"wpforms-field-label\" for=\"wpforms-96-field_5\">Nombres de participants<\/label><input type=\"number\" id=\"wpforms-96-field_5\" class=\"wpforms-field-medium\" name=\"wpforms[fields][5]\" step=\"any\" aria-errormessage=\"wpforms-96-field_5-error\" ><\/div>\t\t<div id=\"wpforms-96-field_7-container\"\n\t\t\tclass=\"wpforms-field wpforms-field-text\"\n\t\t\tdata-field-type=\"text\"\n\t\t\tdata-field-id=\"7\"\n\t\t\t>\n\t\t\t<label class=\"wpforms-field-label\" for=\"wpforms-96-field_7\" >pendant Niveaux l&#039;heure<\/label>\n\t\t\t<input type=\"text\" id=\"wpforms-96-field_7\" class=\"wpforms-field-medium\" name=\"wpforms[fields][7]\" >\n\t\t<\/div>\n\t\t<div id=\"wpforms-96-field_3-container\" class=\"wpforms-field wpforms-field-textarea\" data-field-id=\"3\"><label class=\"wpforms-field-label\" for=\"wpforms-96-field_3\">Particularit\u00e9s (\u00e2ge...)<\/label><textarea id=\"wpforms-96-field_3\" class=\"wpforms-field-medium\" name=\"wpforms[fields][3]\" aria-errormessage=\"wpforms-96-field_3-error\" ><\/textarea><\/div><div id=\"wpforms-96-field_4-container\" class=\"wpforms-field wpforms-field-radio\" data-field-id=\"4\"><fieldset><legend class=\"wpforms-field-label\">Niveaux<\/legend><ul id=\"wpforms-96-field_4\"><li class=\"choice-1 depth-1\"><input type=\"radio\" id=\"wpforms-96-field_4_1\" name=\"wpforms[fields][4]\" value=\"D\u00e9butant\" aria-errormessage=\"wpforms-96-field_4_1-error\"  ><label class=\"wpforms-field-label-inline\" for=\"wpforms-96-field_4_1\">D\u00e9butant<\/label><\/li><li class=\"choice-2 depth-1\"><input type=\"radio\" id=\"wpforms-96-field_4_2\" name=\"wpforms[fields][4]\" value=\"un peu d&#039;experience\" aria-errormessage=\"wpforms-96-field_4_2-error\"  ><label class=\"wpforms-field-label-inline\" for=\"wpforms-96-field_4_2\">un peu d'experience<\/label><\/li><li class=\"choice-3 depth-1\"><input type=\"radio\" id=\"wpforms-96-field_4_3\" name=\"wpforms[fields][4]\" value=\"exp\u00e9riment\u00e9\" aria-errormessage=\"wpforms-96-field_4_3-error\"  ><label class=\"wpforms-field-label-inline\" for=\"wpforms-96-field_4_3\">exp\u00e9riment\u00e9<\/label><\/li><\/ul><\/fieldset><\/div><script>\n\t\t\t\t( function() {\n\t\t\t\t\tconst style = document.createElement( 'style' );\n\t\t\t\t\tstyle.appendChild( document.createTextNode( '#wpforms-96-field_7-container { position: absolute !important; overflow: hidden !important; display: inline !important; height: 1px !important; width: 1px !important; z-index: -1000 !important; padding: 0 !important; } #wpforms-96-field_7-container input { visibility: hidden; } #wpforms-conversational-form-page #wpforms-96-field_7-container label { counter-increment: none; }' ) );\n\t\t\t\t\tdocument.head.appendChild( style );\n\t\t\t\t\tdocument.currentScript?.remove();\n\t\t\t\t} )();\n\t\t\t<\/script><\/div><!-- .wpforms-field-container --><div class=\"wpforms-submit-container\" ><input type=\"hidden\" name=\"wpforms[id]\" value=\"96\"><input type=\"hidden\" name=\"page_title\" value=\"\"><input type=\"hidden\" name=\"page_url\" value=\"http:\/\/lacavalemerens.fr\/index.php\/wp-json\/wp\/v2\/pages\/100\"><input type=\"hidden\" name=\"url_referer\" value=\"\"><button type=\"submit\" name=\"wpforms[submit]\" id=\"wpforms-submit-96\" class=\"wpforms-submit\" aria-live=\"assertive\" value=\"wpforms-submit\">Transmettre votre demande<\/button><img loading=\"lazy\" decoding=\"async\" src=\"http:\/\/lacavalemerens.fr\/wp-content\/plugins\/wpforms-lite\/assets\/images\/submit-spin.svg\" class=\"wpforms-submit-spinner\" style=\"display: none;\" width=\"26\" height=\"26\" alt=\"Loading\"><\/div><\/form><\/div>  <!-- .wpforms-container -->\n\n\n\n<p>Nos balades en for\u00eat sont d&#8217;une dur\u00e9e d&#8217;une heure. Tarif: 20\u20ac\/heure<\/p>\n\n\n\n<p>Nous vous rappelons que les balades sont organis\u00e9es uniquement pendant les vacances scolaires.<\/p>\n","protected":false},"excerpt":{"rendered":"<p>R\u00e9servez une balade d&#8217;une heure Nos balades en for\u00eat sont d&#8217;une dur\u00e9e d&#8217;une heure. Tarif: 20\u20ac\/heure Nous vous rappelons que les balades sont organis\u00e9es uniquement pendant les vacances scolaires.<\/p>\n","protected":false},"author":1,"featured_media":0,"parent":0,"menu_order":0,"comment_status":"closed","ping_status":"closed","template":"","meta":{"footnotes":""},"class_list":["post-100","page","type-page","status-publish","hentry"],"_links":{"self":[{"href":"http:\/\/lacavalemerens.fr\/index.php\/wp-json\/wp\/v2\/pages\/100","targetHints":{"allow":["GET"]}}],"collection":[{"href":"http:\/\/lacavalemerens.fr\/index.php\/wp-json\/wp\/v2\/pages"}],"about":[{"href":"http:\/\/lacavalemerens.fr\/index.php\/wp-json\/wp\/v2\/types\/page"}],"author":[{"embeddable":true,"href":"http:\/\/lacavalemerens.fr\/index.php\/wp-json\/wp\/v2\/users\/1"}],"replies":[{"embeddable":true,"href":"http:\/\/lacavalemerens.fr\/index.php\/wp-json\/wp\/v2\/comments?post=100"}],"version-history":[{"count":2,"href":"http:\/\/lacavalemerens.fr\/index.php\/wp-json\/wp\/v2\/pages\/100\/revisions"}],"predecessor-version":[{"id":140,"href":"http:\/\/lacavalemerens.fr\/index.php\/wp-json\/wp\/v2\/pages\/100\/revisions\/140"}],"wp:attachment":[{"href":"http:\/\/lacavalemerens.fr\/index.php\/wp-json\/wp\/v2\/media?parent=100"}],"curies":[{"name":"wp","href":"https:\/\/api.w.org\/{rel}","templated":true}]}}