{"id":11,"date":"2026-02-06T18:40:47","date_gmt":"2026-02-06T18:40:47","guid":{"rendered":"http:\/\/lacavalemerens.fr\/?page_id=11"},"modified":"2026-03-04T09:08:06","modified_gmt":"2026-03-04T09:08:06","slug":"faire-une-promenade-en-foret","status":"publish","type":"page","link":"http:\/\/lacavalemerens.fr\/index.php\/faire-une-promenade-en-foret\/","title":{"rendered":"R\u00e9servez une promenade en for\u00eat"},"content":{"rendered":"\n<div class=\"wp-block-group alignfull has-accent-background-color has-background has-global-padding is-layout-constrained wp-container-core-group-is-layout-669513ed wp-block-group-is-layout-constrained\" style=\"margin-top:0;margin-bottom:0;padding-top:var(--wp--preset--spacing--50);padding-right:var(--wp--preset--spacing--50);padding-bottom:var(--wp--preset--spacing--50);padding-left:var(--wp--preset--spacing--50)\">\n<div class=\"wp-block-columns alignwide is-layout-flex wp-container-core-columns-is-layout-1da03c2a wp-block-columns-is-layout-flex\">\n<div class=\"wp-block-column is-vertically-aligned-stretch is-layout-flow wp-block-column-is-layout-flow\" style=\"flex-basis:50%\">\n<div class=\"wp-block-group is-vertical is-content-justification-stretch is-layout-flex wp-container-core-group-is-layout-444d5ee8 wp-block-group-is-layout-flex\" style=\"min-height:100%\">\n<p class=\"has-heading-font-family has-large-font-size\" style=\"line-height:1.2\">Pour une heure, que vous soyez d\u00e9butant ou confirm\u00e9, venez faire une balade \u00e0 dos de poney ou de cheval M\u00e9rens.<br>Un moment nature ouvert \u00e0 tous quelque soit votre niveau. Les balades sont organis\u00e9es uniquement pendant les vacances scolaires.<\/p>\n\n\n\n<div class=\"wp-block-group has-global-padding is-content-justification-left is-layout-constrained wp-container-core-group-is-layout-9fe8ed88 wp-block-group-is-layout-constrained\">\n<p class=\"wp-container-content-0733e5d0\">Horaires de balades :<\/p>\n\n\n\n<ul class=\"wp-block-list\">\n<li>Lundi :14h-15h 16-17h<\/li>\n\n\n\n<li>Mardi 14h-15h 16-17h<\/li>\n\n\n\n<li>Mercredi 14h-15h 16-17h<\/li>\n\n\n\n<li>Jeudi 14h-15h 16-17h<\/li>\n\n\n\n<li>Vendredi 14h-15h 16-17h<\/li>\n<\/ul>\n\n\n\n<p class=\"wp-container-content-0733e5d0\">.<\/p>\n\n\n\n<div class=\"wp-block-buttons is-layout-flex wp-block-buttons-is-layout-flex\">\n<div class=\"wp-block-button\"><a class=\"wp-block-button__link wp-element-button\" href=\"http:\/\/lacavalemerens.fr\/index.php\/balade-en-foret-a-dos-de-poney\/\">R\u00e9servez une promenade de 30 min poney enfant<\/a><\/div>\n\n\n\n<div class=\"wp-block-button\"><a class=\"wp-block-button__link has-accent-4-background-color has-background wp-element-button\" href=\"http:\/\/lacavalemerens.fr\/index.php\/balade-ado-adulte\/\" style=\"border-width:4px\" rel=\"mailto!e.conrad@numero1-scolarite.fr\">R\u00e9servez une promenade d&#8217;une heure cheval ado adulte<\/a><\/div>\n<\/div>\n<\/div>\n<\/div>\n<\/div>\n\n\n\n<div class=\"wp-block-column is-vertically-aligned-center is-layout-flow wp-block-column-is-layout-flow\" style=\"flex-basis:50%\">\n<figure class=\"wp-block-image size-full is-style-rounded is-style-rounded--1\"><img loading=\"lazy\" decoding=\"async\" width=\"1080\" height=\"1920\" src=\"http:\/\/lacavalemerens.fr\/wp-content\/uploads\/2026\/02\/Story-Equitation-Modern-Pastel1.jpg\" alt=\"\" class=\"wp-image-29\" style=\"aspect-ratio:0.75;object-fit:contain\" srcset=\"http:\/\/lacavalemerens.fr\/wp-content\/uploads\/2026\/02\/Story-Equitation-Modern-Pastel1.jpg 1080w, http:\/\/lacavalemerens.fr\/wp-content\/uploads\/2026\/02\/Story-Equitation-Modern-Pastel1-169x300.jpg 169w, http:\/\/lacavalemerens.fr\/wp-content\/uploads\/2026\/02\/Story-Equitation-Modern-Pastel1-576x1024.jpg 576w, http:\/\/lacavalemerens.fr\/wp-content\/uploads\/2026\/02\/Story-Equitation-Modern-Pastel1-768x1365.jpg 768w, http:\/\/lacavalemerens.fr\/wp-content\/uploads\/2026\/02\/Story-Equitation-Modern-Pastel1-864x1536.jpg 864w\" sizes=\"auto, (max-width: 1080px) 100vw, 1080px\" \/><\/figure>\n<\/div>\n<\/div>\n<\/div>\n\n\n\n<div class=\"wp-block-group alignfull has-global-padding is-layout-constrained wp-container-core-group-is-layout-669513ed wp-block-group-is-layout-constrained\" style=\"margin-top:0;margin-bottom:0;padding-top:var(--wp--preset--spacing--50);padding-right:var(--wp--preset--spacing--50);padding-bottom:var(--wp--preset--spacing--50);padding-left:var(--wp--preset--spacing--50)\">\n<div class=\"wp-block-group is-vertical is-content-justification-center is-layout-flex wp-container-core-group-is-layout-ce155fab wp-block-group-is-layout-flex\">\n<h2 class=\"wp-block-heading has-text-align-center has-xx-large-font-size\">Rencontrez notre \u00e9quipe<\/h2>\n\n\n\n<p class=\"has-text-align-center\">3 moniteurs certifi\u00e9s \u00e0 votre \u00e9coute<\/p>\n<\/div>\n\n\n\n<div style=\"height:var(--wp--preset--spacing--30)\" aria-hidden=\"true\" class=\"wp-block-spacer\"><\/div>\n\n\n\n<div class=\"wp-block-columns alignwide is-layout-flex wp-container-core-columns-is-layout-4935966c wp-block-columns-is-layout-flex\" style=\"padding-right:0;padding-left:0\">\n<div class=\"wp-block-column is-layout-flow wp-block-column-is-layout-flow\">\n\n\n<div class=\"wp-block-group is-vertical is-content-justification-center is-nowrap is-layout-flex wp-container-core-group-is-layout-21d4e958 wp-block-group-is-layout-flex\">\n<p class=\"has-text-align-center has-small-font-size\"><strong>Sophie<\/strong><\/p>\n\n\n\n<p class=\"has-text-align-center has-small-font-size\">G\u00e9rante<\/p>\n<\/div>\n<\/div>\n\n\n\n<div class=\"wp-block-column is-layout-flow wp-block-column-is-layout-flow\">\n<figure class=\"wp-block-image size-full is-style-rounded is-style-rounded--3\"><img loading=\"lazy\" decoding=\"async\" width=\"1366\" height=\"2048\" src=\"http:\/\/lacavalemerens.fr\/wp-content\/uploads\/2026\/02\/lauirie.jpg\" alt=\"\" class=\"wp-image-63\" style=\"aspect-ratio:1;object-fit:cover\" srcset=\"http:\/\/lacavalemerens.fr\/wp-content\/uploads\/2026\/02\/lauirie.jpg 1366w, http:\/\/lacavalemerens.fr\/wp-content\/uploads\/2026\/02\/lauirie-200x300.jpg 200w, http:\/\/lacavalemerens.fr\/wp-content\/uploads\/2026\/02\/lauirie-683x1024.jpg 683w, http:\/\/lacavalemerens.fr\/wp-content\/uploads\/2026\/02\/lauirie-768x1151.jpg 768w, http:\/\/lacavalemerens.fr\/wp-content\/uploads\/2026\/02\/lauirie-1025x1536.jpg 1025w\" sizes=\"auto, (max-width: 1366px) 100vw, 1366px\" \/><\/figure>\n\n\n\n<div class=\"wp-block-group is-vertical is-content-justification-center is-nowrap is-layout-flex wp-container-core-group-is-layout-63bfd6c1 wp-block-group-is-layout-flex\">\n<p class=\"has-text-align-center has-small-font-size\"><strong>Laurie<\/strong><\/p>\n\n\n\n<p class=\"has-text-align-center has-small-font-size\">Monitrice<\/p>\n<\/div>\n<\/div>\n\n\n\n<div class=\"wp-block-column is-layout-flow wp-block-column-is-layout-flow\">\n<figure class=\"wp-block-image size-full is-style-rounded is-style-rounded--4\"><img loading=\"lazy\" decoding=\"async\" width=\"480\" height=\"640\" src=\"http:\/\/lacavalemerens.fr\/wp-content\/uploads\/2026\/02\/anthony-1-edited.jpg\" alt=\"\" class=\"wp-image-67\" style=\"aspect-ratio:1;object-fit:cover\" srcset=\"http:\/\/lacavalemerens.fr\/wp-content\/uploads\/2026\/02\/anthony-1-edited.jpg 480w, http:\/\/lacavalemerens.fr\/wp-content\/uploads\/2026\/02\/anthony-1-edited-225x300.jpg 225w\" sizes=\"auto, (max-width: 480px) 100vw, 480px\" \/><\/figure>\n\n\n\n<div class=\"wp-block-group is-vertical is-content-justification-center is-nowrap is-layout-flex wp-container-core-group-is-layout-63bfd6c1 wp-block-group-is-layout-flex\">\n<p class=\"has-text-align-center has-small-font-size\"><strong>Anthony<\/strong><\/p>\n\n\n\n<p class=\"has-text-align-center has-small-font-size\">Moniteur<\/p>\n<\/div>\n<\/div>\n\n\n\n<div class=\"wp-block-column is-layout-flow wp-block-column-is-layout-flow\">\n<figure class=\"wp-block-image size-full is-style-rounded is-style-rounded--5\"><img loading=\"lazy\" decoding=\"async\" width=\"613\" height=\"755\" src=\"http:\/\/lacavalemerens.fr\/wp-content\/uploads\/2026\/02\/stan-1.png\" alt=\"\" class=\"wp-image-112\" style=\"aspect-ratio:1;object-fit:cover\" srcset=\"http:\/\/lacavalemerens.fr\/wp-content\/uploads\/2026\/02\/stan-1.png 613w, http:\/\/lacavalemerens.fr\/wp-content\/uploads\/2026\/02\/stan-1-244x300.png 244w\" sizes=\"auto, (max-width: 613px) 100vw, 613px\" \/><\/figure>\n\n\n\n<div class=\"wp-block-group is-vertical is-content-justification-center is-nowrap is-layout-flex wp-container-core-group-is-layout-21d4e958 wp-block-group-is-layout-flex\">\n<p class=\"has-text-align-center has-small-font-size\"><strong>Stan<\/strong><\/p>\n\n\n\n<p class=\"has-text-align-center has-small-font-size\">Moniteur<\/p>\n<\/div>\n<\/div>\n<\/div>\n<\/div>\n","protected":false},"excerpt":{"rendered":"<p>Pour une heure, que vous soyez d\u00e9butant ou confirm\u00e9, venez faire une balade \u00e0 dos de poney ou de cheval M\u00e9rens.Un moment nature ouvert \u00e0 tous quelque soit votre niveau. Les balades sont organis\u00e9es uniquement pendant les vacances scolaires. Horaires de balades : . Rencontrez notre \u00e9quipe 3 moniteurs certifi\u00e9s \u00e0 votre \u00e9coute Sophie G\u00e9rante [&hellip;]<\/p>\n","protected":false},"author":1,"featured_media":0,"parent":0,"menu_order":0,"comment_status":"closed","ping_status":"closed","template":"","meta":{"footnotes":""},"class_list":["post-11","page","type-page","status-publish","hentry"],"_links":{"self":[{"href":"http:\/\/lacavalemerens.fr\/index.php\/wp-json\/wp\/v2\/pages\/11","targetHints":{"allow":["GET"]}}],"collection":[{"href":"http:\/\/lacavalemerens.fr\/index.php\/wp-json\/wp\/v2\/pages"}],"about":[{"href":"http:\/\/lacavalemerens.fr\/index.php\/wp-json\/wp\/v2\/types\/page"}],"author":[{"embeddable":true,"href":"http:\/\/lacavalemerens.fr\/index.php\/wp-json\/wp\/v2\/users\/1"}],"replies":[{"embeddable":true,"href":"http:\/\/lacavalemerens.fr\/index.php\/wp-json\/wp\/v2\/comments?post=11"}],"version-history":[{"count":14,"href":"http:\/\/lacavalemerens.fr\/index.php\/wp-json\/wp\/v2\/pages\/11\/revisions"}],"predecessor-version":[{"id":127,"href":"http:\/\/lacavalemerens.fr\/index.php\/wp-json\/wp\/v2\/pages\/11\/revisions\/127"}],"wp:attachment":[{"href":"http:\/\/lacavalemerens.fr\/index.php\/wp-json\/wp\/v2\/media?parent=11"}],"curies":[{"name":"wp","href":"https:\/\/api.w.org\/{rel}","templated":true}]}}