{"id":141,"date":"2026-03-04T10:11:32","date_gmt":"2026-03-04T10:11:32","guid":{"rendered":"https:\/\/lacavalemerens.fr\/?page_id=141"},"modified":"2026-03-13T17:54:34","modified_gmt":"2026-03-13T17:54:34","slug":"espace-competition","status":"publish","type":"page","link":"http:\/\/lacavalemerens.fr\/index.php\/espace-competition\/","title":{"rendered":"Espace comp\u00e9tition"},"content":{"rendered":"\n<div class=\"wp-block-columns alignwide is-layout-flex wp-container-core-columns-is-layout-28f84493 wp-block-columns-is-layout-flex\">\n<div class=\"wp-block-column is-layout-flow wp-block-column-is-layout-flow\">\n<p>\u00c0 <strong>La Cavale M\u00e9rens<\/strong>, la comp\u00e9tition est une v\u00e9ritable aventure partag\u00e9e entre cavaliers, chevaux et \u00e9quipe d\u2019encadrement. <\/p>\n\n\n\n<p>Implant\u00e9 en Normandie, notre centre \u00e9questre familial propose un accompagnement complet vers la comp\u00e9tition, dans une ambiance conviviale, exigeante et toujours respectueuse du cheval.<\/p>\n\n\n\n<p>Retrouvez sur notre page <a href=\"https:\/\/www.facebook.com\/CavaleMerens\">Facebook <\/a>toute l&#8217;actualit\u00e9 sur nos sorties en concours complet et Hunter.<\/p>\n<\/div>\n\n\n\n<div class=\"wp-block-column is-layout-flow wp-block-column-is-layout-flow\">\n<figure class=\"wp-block-video\"><video height=\"1080\" style=\"aspect-ratio: 1920 \/ 1080;\" width=\"1920\" controls src=\"https:\/\/lacavalemerens.fr\/wp-content\/uploads\/2026\/03\/IMG_3308.mov\"><\/video><\/figure>\n<\/div>\n<\/div>\n\n\n\n<div class=\"wp-block-group alignwide has-global-padding is-layout-constrained wp-block-group-is-layout-constrained\">\n<div class=\"wp-block-columns alignwide is-layout-flex wp-container-core-columns-is-layout-28f84493 wp-block-columns-is-layout-flex\">\n<div class=\"wp-block-column is-layout-flow wp-block-column-is-layout-flow\" style=\"flex-basis:8000px\">\n<p><strong>CCE <\/strong><br>Dans notre club, nous vous proposons de d\u00e9couvrir le concours complet d\u2019\u00e9quitation (CCE), v\u00e9ritable triathlon \u00e9questre m\u00ealant dressage, cross-country et saut d\u2019obstacles. Accessible et formateur, il d\u00e9veloppe la technique, la confiance et la complicit\u00e9 avec son cheval. Encadr\u00e9s par notre \u00e9quipe, les cavaliers \u00e9voluent dans une ambiance dynamique et motivante, du loisir \u00e0 la comp\u00e9tition.<\/p>\n<\/div>\n\n\n\n<div class=\"wp-block-column is-layout-flow wp-block-column-is-layout-flow\" style=\"flex-basis:8000px\">\n<p><strong>Hunter<\/strong><\/p>\n\n\n\n<p>Nous vous proposons de d\u00e9couvrir le hunter ou vous perfectionner, une discipline \u00e9l\u00e9gante qui met en valeur l\u2019harmonie, le style et la fluidit\u00e9 du couple cheval-cavalier. Sur des parcours d\u2019obstacles soign\u00e9s et techniques, l\u2019objectif est de r\u00e9aliser un trac\u00e9 pr\u00e9cis, r\u00e9gulier et esth\u00e9tique. Accessible et formateur, le hunter permet de progresser en \u00e9quitation tout en d\u00e9veloppant finesse et rigueur, du loisir \u00e0 la comp\u00e9tition.<\/p>\n<\/div>\n\n\n\n<div class=\"wp-block-column is-layout-flow wp-block-column-is-layout-flow\" style=\"flex-basis:8000px\">\n<p><strong>Mais pas que..<\/strong><\/p>\n\n\n\n<p>En compl\u00e9ment de nos disciplines phares, nous proposons \u00e9galement quelques concours de CSO, de dressage ainsi que des \u00e9preuves de Ride and Run hors saison. Ces rendez-vous vari\u00e9s permettent \u00e0 nos cavaliers de diversifier leur exp\u00e9rience, de se challenger diff\u00e9remment et de partager des moments sportifs et conviviaux tout au long de l\u2019ann\u00e9e<\/p>\n<\/div>\n<\/div>\n\n\n\n<div class=\"wp-block-buttons is-layout-flex wp-block-buttons-is-layout-flex\">\n<div class=\"wp-block-button\"><a class=\"wp-block-button__link wp-element-button\" href=\"mailto: laurie.martin76@outlook.fr\">Nous contacter par mail<\/a><\/div>\n<\/div>\n<\/div>\n\n\n\n<div class=\"wp-block-columns is-layout-flex wp-container-core-columns-is-layout-28f84493 wp-block-columns-is-layout-flex\">\n<div class=\"wp-block-column is-layout-flow wp-block-column-is-layout-flow\"><\/div>\n\n\n\n<div class=\"wp-block-column is-layout-flow wp-block-column-is-layout-flow\"><\/div>\n\n\n\n<div class=\"wp-block-column is-layout-flow wp-block-column-is-layout-flow\"><\/div>\n<\/div>\n\n\n\n<p><\/p>\n\n\n\n<div class=\"wp-block-columns is-layout-flex wp-container-core-columns-is-layout-28f84493 wp-block-columns-is-layout-flex\">\n<div class=\"wp-block-column is-layout-flow wp-block-column-is-layout-flow\"><\/div>\n\n\n\n<div class=\"wp-block-column is-layout-flow wp-block-column-is-layout-flow\"><\/div>\n<\/div>\n","protected":false},"excerpt":{"rendered":"<p>\u00c0 La Cavale M\u00e9rens, la comp\u00e9tition est une v\u00e9ritable aventure partag\u00e9e entre cavaliers, chevaux et \u00e9quipe d\u2019encadrement. Implant\u00e9 en Normandie, notre centre \u00e9questre familial propose un accompagnement complet vers la comp\u00e9tition, dans une ambiance conviviale, exigeante et toujours respectueuse du cheval. Retrouvez sur notre page Facebook toute l&#8217;actualit\u00e9 sur nos sorties en concours complet et [&hellip;]<\/p>\n","protected":false},"author":1,"featured_media":0,"parent":0,"menu_order":0,"comment_status":"closed","ping_status":"closed","template":"","meta":{"footnotes":""},"class_list":["post-141","page","type-page","status-publish","hentry"],"_links":{"self":[{"href":"http:\/\/lacavalemerens.fr\/index.php\/wp-json\/wp\/v2\/pages\/141","targetHints":{"allow":["GET"]}}],"collection":[{"href":"http:\/\/lacavalemerens.fr\/index.php\/wp-json\/wp\/v2\/pages"}],"about":[{"href":"http:\/\/lacavalemerens.fr\/index.php\/wp-json\/wp\/v2\/types\/page"}],"author":[{"embeddable":true,"href":"http:\/\/lacavalemerens.fr\/index.php\/wp-json\/wp\/v2\/users\/1"}],"replies":[{"embeddable":true,"href":"http:\/\/lacavalemerens.fr\/index.php\/wp-json\/wp\/v2\/comments?post=141"}],"version-history":[{"count":5,"href":"http:\/\/lacavalemerens.fr\/index.php\/wp-json\/wp\/v2\/pages\/141\/revisions"}],"predecessor-version":[{"id":164,"href":"http:\/\/lacavalemerens.fr\/index.php\/wp-json\/wp\/v2\/pages\/141\/revisions\/164"}],"wp:attachment":[{"href":"http:\/\/lacavalemerens.fr\/index.php\/wp-json\/wp\/v2\/media?parent=141"}],"curies":[{"name":"wp","href":"https:\/\/api.w.org\/{rel}","templated":true}]}}