{"id":45,"date":"2026-02-07T10:14:06","date_gmt":"2026-02-07T10:14:06","guid":{"rendered":"http:\/\/lacavalemerens.fr\/?page_id=45"},"modified":"2026-02-08T15:59:09","modified_gmt":"2026-02-08T15:59:09","slug":"balade-en-foret-a-dos-de-poney","status":"publish","type":"page","link":"http:\/\/lacavalemerens.fr\/index.php\/balade-en-foret-a-dos-de-poney\/","title":{"rendered":"Balade \u00e0 Poney"},"content":{"rendered":"\n<div class=\"wp-block-group alignwide has-global-padding is-layout-constrained wp-block-group-is-layout-constrained\">\n<h1 class=\"wp-block-heading alignwide has-xx-large-font-size\" style=\"line-height:1.2\">R\u00e9servez<\/h1>\n\n\n\n<p>Nous vous rappelons que les balades en for\u00eat n&#8217;ont lieu que pendant les vacances scolaires, toutes zones confondues. La dur\u00e9e est de 30mn \u00e0 1 heure.<\/p>\n\n\n<style id=\"wpforms-css-vars-41\">\n\t\t\t\t#wpforms-41 {\n\t\t\t\t--wpforms-container-padding: 0px;\n--wpforms-container-border-width: 1px;\n--wpforms-container-border-radius: 3px;\n--wpforms-background-color: rgba(0, 0, 0, 0);\n--wpforms-field-size-input-height: 43px;\n--wpforms-field-size-input-spacing: 15px;\n--wpforms-field-size-font-size: 16px;\n--wpforms-field-size-line-height: 19px;\n--wpforms-field-size-padding-h: 14px;\n--wpforms-field-size-checkbox-size: 16px;\n--wpforms-field-size-sublabel-spacing: 5px;\n--wpforms-field-size-icon-size: 1;\n--wpforms-label-size-font-size: 16px;\n--wpforms-label-size-line-height: 19px;\n--wpforms-label-size-sublabel-font-size: 14px;\n--wpforms-label-size-sublabel-line-height: 17px;\n--wpforms-button-size-font-size: 17px;\n--wpforms-button-size-height: 41px;\n--wpforms-button-size-padding-h: 15px;\n--wpforms-button-size-margin-top: 10px;\n--wpforms-container-shadow-size-box-shadow: none;\n\t\t\t}\n\t\t\t<\/style><div class=\"wpforms-container wpforms-container-full wpforms-render-modern\" id=\"wpforms-41\"><form id=\"wpforms-form-41\" class=\"wpforms-validate wpforms-form\" data-formid=\"41\" method=\"post\" enctype=\"multipart\/form-data\" action=\"\/index.php\/wp-json\/wp\/v2\/pages\/45\" data-token=\"c8ee36dd34a0f0325690f57ca291fa51\" data-token-time=\"1775295296\"><noscript class=\"wpforms-error-noscript\">Please enable JavaScript in your browser to complete this form.<\/noscript><div id=\"wpforms-error-noscript\" style=\"display: none;\">Please enable JavaScript in your browser to complete this form.<\/div><div class=\"wpforms-field-container\"><div id=\"wpforms-41-field_1-container\" class=\"wpforms-field wpforms-field-name\" data-field-id=\"1\"><fieldset><legend class=\"wpforms-field-label\">Nom et pr\u00e9nom<\/legend><div class=\"wpforms-field-row wpforms-field-medium\"><div class=\"wpforms-field-row-block wpforms-first wpforms-one-half\"><input type=\"text\" id=\"wpforms-41-field_1\" class=\"wpforms-field-name-first\" name=\"wpforms[fields][1][first]\" aria-errormessage=\"wpforms-41-field_1-error\" ><label for=\"wpforms-41-field_1\" class=\"wpforms-field-sublabel after\">First<\/label><\/div><div class=\"wpforms-field-row-block wpforms-one-half\"><input type=\"text\" id=\"wpforms-41-field_1-last\" class=\"wpforms-field-name-last\" name=\"wpforms[fields][1][last]\" aria-errormessage=\"wpforms-41-field_1-last-error\" ><label for=\"wpforms-41-field_1-last\" class=\"wpforms-field-sublabel after\">Last<\/label><\/div><\/div><\/fieldset><\/div><div id=\"wpforms-41-field_2-container\" class=\"wpforms-field wpforms-field-email\" data-field-id=\"2\"><label class=\"wpforms-field-label\" for=\"wpforms-41-field_2\">Adresse e-mail<\/label><input type=\"email\" id=\"wpforms-41-field_2\" class=\"wpforms-field-medium\" name=\"wpforms[fields][2]\" spellcheck=\"false\" aria-errormessage=\"wpforms-41-field_2-error\" ><\/div><div id=\"wpforms-41-field_8-container\" class=\"wpforms-field wpforms-field-text\" data-field-id=\"8\"><label class=\"wpforms-field-label\" for=\"wpforms-41-field_8\">T\u00e9l\u00e9phone<\/label><input type=\"text\" id=\"wpforms-41-field_8\" class=\"wpforms-field-medium\" name=\"wpforms[fields][8]\" aria-errormessage=\"wpforms-41-field_8-error\" ><\/div><div id=\"wpforms-41-field_9-container\" class=\"wpforms-field wpforms-field-text\" data-field-id=\"9\"><label class=\"wpforms-field-label\" for=\"wpforms-41-field_9\">Date souhait\u00e9e (uniquement pendant les vacances scolaires) 15\u20ac l&#039;heure<\/label><input type=\"text\" id=\"wpforms-41-field_9\" class=\"wpforms-field-medium\" name=\"wpforms[fields][9]\" aria-errormessage=\"wpforms-41-field_9-error\" ><\/div>\t\t<div id=\"wpforms-41-field_3-container\"\n\t\t\tclass=\"wpforms-field wpforms-field-text\"\n\t\t\tdata-field-type=\"text\"\n\t\t\tdata-field-id=\"3\"\n\t\t\t>\n\t\t\t<label class=\"wpforms-field-label\" for=\"wpforms-41-field_3\" >pendant l&#039;heure Adresse<\/label>\n\t\t\t<input type=\"text\" id=\"wpforms-41-field_3\" class=\"wpforms-field-medium\" name=\"wpforms[fields][3]\" >\n\t\t<\/div>\n\t\t<div id=\"wpforms-41-field_5-container\" class=\"wpforms-field wpforms-field-number\" data-field-id=\"5\"><label class=\"wpforms-field-label\" for=\"wpforms-41-field_5\">Nombre de participants<\/label><input type=\"number\" id=\"wpforms-41-field_5\" class=\"wpforms-field-medium\" name=\"wpforms[fields][5]\" step=\"any\" aria-errormessage=\"wpforms-41-field_5-error\" ><\/div><div id=\"wpforms-41-field_6-container\" class=\"wpforms-field wpforms-field-select wpforms-field-select-style-classic\" data-field-id=\"6\"><label class=\"wpforms-field-label\" for=\"wpforms-41-field_6\">Niveau d\u2019exp\u00e9rience<\/label><select id=\"wpforms-41-field_6\" class=\"wpforms-field-medium\" name=\"wpforms[fields][6]\"><option value=\"D\u00e9butant\"  class=\"choice-1 depth-1\"  >D\u00e9butant<\/option><option value=\"Interm\u00e9diaire\"  class=\"choice-2 depth-1\"  >Interm\u00e9diaire<\/option><option value=\"Confirm\u00e9\"  class=\"choice-3 depth-1\"  >Confirm\u00e9<\/option><option value=\"Je ne sais pas \/ premi\u00e8re fois\"  class=\"choice-4 depth-1\"  >Je ne sais pas \/ premi\u00e8re fois<\/option><\/select><\/div><div id=\"wpforms-41-field_7-container\" class=\"wpforms-field wpforms-field-textarea\" data-field-id=\"7\"><label class=\"wpforms-field-label\" for=\"wpforms-41-field_7\">Informations compl\u00e9mentaires (\u00e2ge, pr\u00e9f\u00e9rences, demandes particuli\u00e8res)<\/label><textarea id=\"wpforms-41-field_7\" class=\"wpforms-field-medium\" name=\"wpforms[fields][7]\" aria-errormessage=\"wpforms-41-field_7-error\" ><\/textarea><\/div><script>\n\t\t\t\t( function() {\n\t\t\t\t\tconst style = document.createElement( 'style' );\n\t\t\t\t\tstyle.appendChild( document.createTextNode( '#wpforms-41-field_3-container { position: absolute !important; overflow: hidden !important; display: inline !important; height: 1px !important; width: 1px !important; z-index: -1000 !important; padding: 0 !important; } #wpforms-41-field_3-container input { visibility: hidden; } #wpforms-conversational-form-page #wpforms-41-field_3-container label { counter-increment: none; }' ) );\n\t\t\t\t\tdocument.head.appendChild( style );\n\t\t\t\t\tdocument.currentScript?.remove();\n\t\t\t\t} )();\n\t\t\t<\/script><\/div><!-- .wpforms-field-container --><div class=\"wpforms-submit-container\" ><input type=\"hidden\" name=\"wpforms[id]\" value=\"41\"><input type=\"hidden\" name=\"page_title\" value=\"\"><input type=\"hidden\" name=\"page_url\" value=\"http:\/\/lacavalemerens.fr\/index.php\/wp-json\/wp\/v2\/pages\/45\"><input type=\"hidden\" name=\"url_referer\" value=\"\"><button type=\"submit\" name=\"wpforms[submit]\" id=\"wpforms-submit-41\" class=\"wpforms-submit\" data-alt-text=\"Sending...\" data-submit-text=\"Transmettre votre r\u00e9servation\" aria-live=\"assertive\" value=\"wpforms-submit\">Transmettre votre r\u00e9servation<\/button><\/div><\/form><\/div>  <!-- .wpforms-container -->\n<\/div>\n\n\n\n<div class=\"wp-block-group alignfull has-global-padding is-layout-constrained wp-container-core-group-is-layout-0747478d wp-block-group-is-layout-constrained\" style=\"padding-top:var(--wp--preset--spacing--50);padding-right:var(--wp--preset--spacing--50);padding-bottom:var(--wp--preset--spacing--50);padding-left:var(--wp--preset--spacing--50)\">\n<p>Pour le confort et la s\u00e9curit\u00e9 de votre enfant, nous vous recommandons de pr\u00e9voir une tenue adapt\u00e9e :<br>pantalon long (type legging ou jogging) et chaussures ferm\u00e9es (baskets ou bottes). Les sandales et tongs ne sont pas autoris\u00e9es.<\/p>\n\n\n\n<p>Merci d\u2019arriver <strong>15 minutes avant l\u2019horaire de la balade<\/strong> afin de prendre le temps de pr\u00e9parer le poney, brosser et faire connaissance avec lui. Ce moment fait partie de l\u2019activit\u00e9 et permet aux enfants de cr\u00e9er un premier lien avec leur monture.<\/p>\n\n\n\n<p>Le casque est fourni par le centre \u00e9questre.<\/p>\n\n\n\n<div style=\"height:var(--wp--preset--spacing--50)\" aria-hidden=\"true\" class=\"wp-block-spacer\"><\/div>\n\n\n\n<p><\/p>\n<\/div>\n","protected":false},"excerpt":{"rendered":"<p>R\u00e9servez Nous vous rappelons que les balades en for\u00eat n&#8217;ont lieu que pendant les vacances scolaires, toutes zones confondues. La dur\u00e9e est de 30mn \u00e0 1 heure. Pour le confort et la s\u00e9curit\u00e9 de votre enfant, nous vous recommandons de pr\u00e9voir une tenue adapt\u00e9e :pantalon long (type legging ou jogging) et chaussures ferm\u00e9es (baskets ou [&hellip;]<\/p>\n","protected":false},"author":1,"featured_media":0,"parent":0,"menu_order":0,"comment_status":"closed","ping_status":"closed","template":"","meta":{"footnotes":""},"class_list":["post-45","page","type-page","status-publish","hentry"],"_links":{"self":[{"href":"http:\/\/lacavalemerens.fr\/index.php\/wp-json\/wp\/v2\/pages\/45","targetHints":{"allow":["GET"]}}],"collection":[{"href":"http:\/\/lacavalemerens.fr\/index.php\/wp-json\/wp\/v2\/pages"}],"about":[{"href":"http:\/\/lacavalemerens.fr\/index.php\/wp-json\/wp\/v2\/types\/page"}],"author":[{"embeddable":true,"href":"http:\/\/lacavalemerens.fr\/index.php\/wp-json\/wp\/v2\/users\/1"}],"replies":[{"embeddable":true,"href":"http:\/\/lacavalemerens.fr\/index.php\/wp-json\/wp\/v2\/comments?post=45"}],"version-history":[{"count":7,"href":"http:\/\/lacavalemerens.fr\/index.php\/wp-json\/wp\/v2\/pages\/45\/revisions"}],"predecessor-version":[{"id":99,"href":"http:\/\/lacavalemerens.fr\/index.php\/wp-json\/wp\/v2\/pages\/45\/revisions\/99"}],"wp:attachment":[{"href":"http:\/\/lacavalemerens.fr\/index.php\/wp-json\/wp\/v2\/media?parent=45"}],"curies":[{"name":"wp","href":"https:\/\/api.w.org\/{rel}","templated":true}]}}