{"id":55,"date":"2026-02-07T10:46:23","date_gmt":"2026-02-07T10:46:23","guid":{"rendered":"http:\/\/lacavalemerens.fr\/?page_id=55"},"modified":"2026-03-13T17:55:24","modified_gmt":"2026-03-13T17:55:24","slug":"cours-dequitation-en-groupe","status":"publish","type":"page","link":"http:\/\/lacavalemerens.fr\/index.php\/cours-dequitation-en-groupe\/","title":{"rendered":"Cours d&#8217;\u00e9quitation en groupe"},"content":{"rendered":"\n<div class=\"wp-block-group alignfull has-accent-background-color has-background has-global-padding is-layout-constrained wp-container-core-group-is-layout-669513ed wp-block-group-is-layout-constrained\" style=\"margin-top:0;margin-bottom:0;padding-top:var(--wp--preset--spacing--50);padding-right:var(--wp--preset--spacing--50);padding-bottom:var(--wp--preset--spacing--50);padding-left:var(--wp--preset--spacing--50)\">\n<div class=\"wp-block-columns alignwide is-layout-flex wp-container-core-columns-is-layout-1da03c2a wp-block-columns-is-layout-flex\">\n<div class=\"wp-block-column is-vertically-aligned-stretch is-layout-flow wp-block-column-is-layout-flow\" style=\"flex-basis:70%\">\n<div class=\"wp-block-group is-vertical is-content-justification-stretch is-layout-flex wp-container-core-group-is-layout-444d5ee8 wp-block-group-is-layout-flex\" style=\"min-height:100%\">\n<p class=\"has-heading-font-family has-x-large-font-size\" style=\"line-height:1.2\">Horaires de nos cours <\/p>\n\n\n\n<p>Chaque reprise dure une heure<\/p>\n\n\n\n<figure class=\"wp-block-table\"><table class=\"has-fixed-layout\"><tbody><tr><td>Lundi<\/td><td>14:30 Galop 5-6<\/td><td><\/td><td><\/td><td><\/td><td><\/td><td><\/td><\/tr><tr><td>Mardi<\/td><td><\/td><td>17:30 Galop 3 enfants<\/td><td><\/td><td><\/td><td><\/td><td><\/td><\/tr><tr><td>Mercredi<\/td><td>9:00 Galop 4 adultes<\/td><td>10:00 Baby poney 3-5 ans<\/td><td>11:00 Galop 1-2 enfants<\/td><td>13:30 Galop 4 ados <\/td><td>14:30 d\u00e9butant enfants<\/td><td>15:30 Galop 2-3 enfants <\/td><\/tr><tr><td>Mercredi<\/td><td>16:30 Galop 4-5 Ados<\/td><td>17:30 Galop 5-6 ados<\/td><td>18:30 Galop 6-7 ados<\/td><td><\/td><td><\/td><td><\/td><\/tr><tr><td>Jeudi<\/td><td><\/td><td>17:30 Galop 4-5 Adultes<\/td><td><\/td><td><\/td><td><\/td><td><\/td><\/tr><tr><td>Vendredi <\/td><td>14:30 Galop 6-7 Adultes<\/td><td>15:30 Galop 4 adultes <\/td><td>17h30 Galop 4 ados <\/td><td><\/td><td><\/td><td><\/td><\/tr><tr><td>Samedi<\/td><td>9:00 Galop 6-7 Adultes<\/td><td>10:00 Galop 5-6 Ados<\/td><td>11:00 Galop 4-5 Adultes<\/td><td>12:00 Galop 6 Adultes<\/td><td>13:30 Galop 3-4 ados<\/td><td>14:30 d\u00e9butants enfants<\/td><\/tr><tr><td>Samedi<\/td><td>15:30 Galop 2 enfants<\/td><td>16:30 Galop 4 Ados <\/td><td><\/td><td><\/td><td><\/td><td><\/td><\/tr><\/tbody><\/table><\/figure>\n\n\n\n<h2 class=\"wp-block-heading\">Tarifs des cours<\/h2>\n\n\n\n<p>Cours collectif non adh\u00e9rents 1h majeur\/mineur: 25\u20ac<\/p>\n\n\n\n<p>Cours collectif adh\u00e9rent 1h majeur\/mineur : 20\u20ac<\/p>\n\n\n\n<p>Carte 10 le\u00e7ons mineur : 160\u20ac<\/p>\n\n\n\n<p>Carte 10 le\u00e7ons majeur : 165\u20ac<\/p>\n\n\n\n<p>Licence annuelle moins de 18 ans ; 40\u20ac<\/p>\n\n\n\n<p>Licence annuelle adultes . 50\u20ac<\/p>\n\n\n\n<div class=\"wp-block-group has-global-padding is-content-justification-left is-layout-constrained wp-container-core-group-is-layout-9fe8ed88 wp-block-group-is-layout-constrained\">\n<div class=\"wp-block-buttons is-layout-flex wp-block-buttons-is-layout-flex\">\n<div class=\"wp-block-button\"><a class=\"wp-block-button__link wp-element-button\" href=\"tel:0680890914\">R\u00e9server votre s\u00e9ance par t\u00e9l\u00e9phone <\/a><\/div>\n<\/div>\n<\/div>\n<\/div>\n<\/div>\n\n\n\n<div class=\"wp-block-column is-vertically-aligned-center is-layout-flow wp-block-column-is-layout-flow\" style=\"flex-basis:30%\">\n<figure class=\"wp-block-image size-large is-style-rounded is-style-rounded--1\"><img loading=\"lazy\" decoding=\"async\" width=\"819\" height=\"1024\" src=\"http:\/\/lacavalemerens.fr\/wp-content\/uploads\/2026\/02\/Post-Instagram-Cours-Equitation-Moderne-Marron-Beige-819x1024.png\" alt=\"\" class=\"wp-image-56\" style=\"aspect-ratio:3\/4;object-fit:cover\" srcset=\"http:\/\/lacavalemerens.fr\/wp-content\/uploads\/2026\/02\/Post-Instagram-Cours-Equitation-Moderne-Marron-Beige-819x1024.png 819w, http:\/\/lacavalemerens.fr\/wp-content\/uploads\/2026\/02\/Post-Instagram-Cours-Equitation-Moderne-Marron-Beige-240x300.png 240w, http:\/\/lacavalemerens.fr\/wp-content\/uploads\/2026\/02\/Post-Instagram-Cours-Equitation-Moderne-Marron-Beige-768x960.png 768w, http:\/\/lacavalemerens.fr\/wp-content\/uploads\/2026\/02\/Post-Instagram-Cours-Equitation-Moderne-Marron-Beige.png 1080w\" sizes=\"auto, (max-width: 819px) 100vw, 819px\" \/><\/figure>\n<\/div>\n<\/div>\n<\/div>\n\n\n\n<div class=\"wp-block-group alignfull has-global-padding is-layout-constrained wp-container-core-group-is-layout-669513ed wp-block-group-is-layout-constrained\" style=\"margin-top:0;margin-bottom:0;padding-top:var(--wp--preset--spacing--50);padding-right:var(--wp--preset--spacing--50);padding-bottom:var(--wp--preset--spacing--50);padding-left:var(--wp--preset--spacing--50)\">\n<div class=\"wp-block-group is-vertical is-content-justification-center is-layout-flex wp-container-core-group-is-layout-ce155fab wp-block-group-is-layout-flex\">\n<h2 class=\"wp-block-heading has-text-align-center has-xx-large-font-size\">Venez rencontrer notre \u00e9quipe<\/h2>\n\n\n\n<p class=\"has-text-align-center\">Trois moniteurs certifi\u00e9s.<\/p>\n<\/div>\n\n\n\n<div style=\"height:var(--wp--preset--spacing--30)\" aria-hidden=\"true\" class=\"wp-block-spacer\"><\/div>\n\n\n\n<div class=\"wp-block-columns alignwide is-layout-flex wp-container-core-columns-is-layout-4935966c wp-block-columns-is-layout-flex\" style=\"padding-right:0;padding-left:0\">\n<div class=\"wp-block-column is-layout-flow wp-block-column-is-layout-flow\">\n<figure class=\"wp-block-image size-full is-style-rounded is-style-rounded--2\"><img loading=\"lazy\" decoding=\"async\" width=\"1366\" height=\"2048\" src=\"http:\/\/lacavalemerens.fr\/wp-content\/uploads\/2026\/02\/lauirie-1.jpg\" alt=\"\" class=\"wp-image-77\" style=\"aspect-ratio:1;object-fit:cover\" srcset=\"http:\/\/lacavalemerens.fr\/wp-content\/uploads\/2026\/02\/lauirie-1.jpg 1366w, http:\/\/lacavalemerens.fr\/wp-content\/uploads\/2026\/02\/lauirie-1-200x300.jpg 200w, http:\/\/lacavalemerens.fr\/wp-content\/uploads\/2026\/02\/lauirie-1-683x1024.jpg 683w, http:\/\/lacavalemerens.fr\/wp-content\/uploads\/2026\/02\/lauirie-1-768x1151.jpg 768w, http:\/\/lacavalemerens.fr\/wp-content\/uploads\/2026\/02\/lauirie-1-1025x1536.jpg 1025w\" sizes=\"auto, (max-width: 1366px) 100vw, 1366px\" \/><\/figure>\n\n\n\n<div class=\"wp-block-group is-vertical is-content-justification-center is-nowrap is-layout-flex wp-container-core-group-is-layout-63bfd6c1 wp-block-group-is-layout-flex\">\n<p class=\"has-text-align-center has-small-font-size\"><strong>Laurie<\/strong><\/p>\n\n\n\n<p class=\"has-text-align-center has-small-font-size\">Monitrice<\/p>\n<\/div>\n<\/div>\n\n\n\n<div class=\"wp-block-column is-layout-flow wp-block-column-is-layout-flow\">\n<figure class=\"wp-block-image aligncenter size-full is-style-rounded is-style-rounded--3\"><img loading=\"lazy\" decoding=\"async\" width=\"619\" height=\"413\" src=\"http:\/\/lacavalemerens.fr\/wp-content\/uploads\/2026\/02\/anthony-2-edited.jpg\" alt=\"\" class=\"wp-image-110\" style=\"aspect-ratio:1;object-fit:cover\" srcset=\"http:\/\/lacavalemerens.fr\/wp-content\/uploads\/2026\/02\/anthony-2-edited.jpg 619w, http:\/\/lacavalemerens.fr\/wp-content\/uploads\/2026\/02\/anthony-2-edited-300x200.jpg 300w\" sizes=\"auto, (max-width: 619px) 100vw, 619px\" \/><\/figure>\n\n\n\n<div class=\"wp-block-group is-vertical is-content-justification-center is-nowrap is-layout-flex wp-container-core-group-is-layout-63bfd6c1 wp-block-group-is-layout-flex\">\n<p class=\"has-text-align-center has-small-font-size\"><strong>Anthony<\/strong><\/p>\n\n\n\n<p class=\"has-text-align-center has-small-font-size\">Moniteur<\/p>\n<\/div>\n<\/div>\n\n\n\n<div class=\"wp-block-column is-layout-flow wp-block-column-is-layout-flow\">\n<figure class=\"wp-block-image size-full is-style-rounded is-style-rounded--4\"><img loading=\"lazy\" decoding=\"async\" width=\"613\" height=\"755\" src=\"http:\/\/lacavalemerens.fr\/wp-content\/uploads\/2026\/02\/stan.png\" alt=\"\" class=\"wp-image-106\" style=\"aspect-ratio:1;object-fit:cover\" srcset=\"http:\/\/lacavalemerens.fr\/wp-content\/uploads\/2026\/02\/stan.png 613w, http:\/\/lacavalemerens.fr\/wp-content\/uploads\/2026\/02\/stan-244x300.png 244w\" sizes=\"auto, (max-width: 613px) 100vw, 613px\" \/><\/figure>\n\n\n\n<div class=\"wp-block-group is-vertical is-content-justification-center is-nowrap is-layout-flex wp-container-core-group-is-layout-21d4e958 wp-block-group-is-layout-flex\">\n<p class=\"has-text-align-center has-small-font-size\"><strong>Stan<\/strong>islas<\/p>\n\n\n\n<p class=\"has-text-align-center has-small-font-size\">Moniteur<\/p>\n<\/div>\n<\/div>\n<\/div>\n<\/div>\n\n\n\n<p><\/p>\n","protected":false},"excerpt":{"rendered":"<p>Horaires de nos cours Chaque reprise dure une heure Lundi 14:30 Galop 5-6 Mardi 17:30 Galop 3 enfants Mercredi 9:00 Galop 4 adultes 10:00 Baby poney 3-5 ans 11:00 Galop 1-2 enfants 13:30 Galop 4 ados 14:30 d\u00e9butant enfants 15:30 Galop 2-3 enfants Mercredi 16:30 Galop 4-5 Ados 17:30 Galop 5-6 ados 18:30 Galop 6-7 [&hellip;]<\/p>\n","protected":false},"author":1,"featured_media":0,"parent":0,"menu_order":0,"comment_status":"closed","ping_status":"closed","template":"","meta":{"footnotes":""},"class_list":["post-55","page","type-page","status-publish","hentry"],"_links":{"self":[{"href":"http:\/\/lacavalemerens.fr\/index.php\/wp-json\/wp\/v2\/pages\/55","targetHints":{"allow":["GET"]}}],"collection":[{"href":"http:\/\/lacavalemerens.fr\/index.php\/wp-json\/wp\/v2\/pages"}],"about":[{"href":"http:\/\/lacavalemerens.fr\/index.php\/wp-json\/wp\/v2\/types\/page"}],"author":[{"embeddable":true,"href":"http:\/\/lacavalemerens.fr\/index.php\/wp-json\/wp\/v2\/users\/1"}],"replies":[{"embeddable":true,"href":"http:\/\/lacavalemerens.fr\/index.php\/wp-json\/wp\/v2\/comments?post=55"}],"version-history":[{"count":15,"href":"http:\/\/lacavalemerens.fr\/index.php\/wp-json\/wp\/v2\/pages\/55\/revisions"}],"predecessor-version":[{"id":165,"href":"http:\/\/lacavalemerens.fr\/index.php\/wp-json\/wp\/v2\/pages\/55\/revisions\/165"}],"wp:attachment":[{"href":"http:\/\/lacavalemerens.fr\/index.php\/wp-json\/wp\/v2\/media?parent=55"}],"curies":[{"name":"wp","href":"https:\/\/api.w.org\/{rel}","templated":true}]}}